{"id":88,"date":"2012-01-09T07:29:44","date_gmt":"2012-01-09T07:29:44","guid":{"rendered":"http:\/\/fransegites.eu\/?page_id=88"},"modified":"2019-06-03T17:56:42","modified_gmt":"2019-06-03T15:56:42","slug":"la-chataigne","status":"publish","type":"page","link":"https:\/\/fransegites.eu\/fr\/gites\/la-chataigne\/","title":{"rendered":"La Ch\u00e2taigne, Lacapelle Biron 1-4 pers."},"content":{"rendered":"<p><\/p>\n<h2>Pour 1 \u00e0 4 personnes<\/h2>\n<p>\u00a0<\/p>\n<p><a href=\"https:\/\/fransegites.eu\/wp-content\/uploads\/2011\/12\/aangezicht-definitief-chalet-reserve.jpg\"><img loading=\"lazy\" decoding=\"async\" class=\"alignleft size-medium wp-image-948\" title=\"voorkant La Chataigne\" src=\"https:\/\/fransegites.eu\/wp-content\/uploads\/2011\/12\/aangezicht-definitief-chalet-reserve-300x225.jpg\" alt=\"voorkant La Chataigne\" width=\"300\" height=\"225\" srcset=\"https:\/\/fransegites.eu\/wp-content\/uploads\/2011\/12\/aangezicht-definitief-chalet-reserve-300x225.jpg 300w, https:\/\/fransegites.eu\/wp-content\/uploads\/2011\/12\/aangezicht-definitief-chalet-reserve-1024x768.jpg 1024w, https:\/\/fransegites.eu\/wp-content\/uploads\/2011\/12\/aangezicht-definitief-chalet-reserve.jpg 1200w\" sizes=\"auto, (max-width: 300px) 100vw, 300px\" \/><\/a><\/p>\n<p>A la crois\u00e9e de trois d\u00e9partements, le Lot, le Lot et Garonne et la Dordogne, cette maison de vacances tout en bois est totalement autonome. Compl\u00e8tement\u00a0 r\u00e9nov\u00e9e en 1998 et modernis\u00e9e, ce chalet sur un domaine de 6 hectares enti\u00e8rement bois\u00e9s vous offrira une intimit\u00e9 totale et le calme.<\/p>\n<p>\u00a0<\/p>\n<p>A seulement 8km de Fumel et 2,5 km de Lacapelle-Biron o\u00f9 vous trouverez tous les commerces de proximit\u00e9 (boulangerie, \u00e9picerie&#8230;) mais \u00e9galement cyber-caf\u00e9, garage&#8230;Vous pourrez profiter de toutes les activit\u00e9s que propose la r\u00e9gion (randonn\u00e9es, activit\u00e9s nautiques, v\u00e9los, VTT, visites de bastides et de ch\u00e2teaux&#8230;) Lorsque le temps est moins cl\u00e9ment, partagez des moments en famille ou entre amis au coin du feu.<\/p>\n<p>\u00a0<\/p>\n<p>Vous trouverez encore \u00e0 Monpazier, de bons restaurants et tous les jeudis, un beau march\u00e9 sur la place centrale du village. De nombreux festivals, dont les c\u00e9l\u00e8bres f\u00eates m\u00e9di\u00e9vales de Monpazier animeront \u00a0vos \u00e9t\u00e9s.<\/p>\n<p><span style=\"text-decoration: underline;\">DESCRIPTIF :<\/span><\/p>\n<p>Capacit\u00e9 : 4 personnes.\u00a0\u00a0\u00a0\u00a0\u00a0\u00a0\u00a0\u00a0\u00a0\u00a0\u00a0\u00a0\u00a0 Animal domestique : Accept\u00e9 gratuitement<\/p>\n<p>Superficie : 65 m<sup>2\u00a0\u00a0\u00a0\u00a0\u00a0\u00a0\u00a0\u00a0\u00a0\u00a0\u00a0\u00a0\u00a0\u00a0\u00a0\u00a0\u00a0\u00a0\u00a0\u00a0\u00a0\u00a0\u00a0\u00a0\u00a0\u00a0\u00a0 <\/sup>Nombre de chambres : 2<\/p>\n<p><a href=\"https:\/\/fransegites.eu\/wp-content\/uploads\/2012\/01\/maRCH2-MONPAZIER2.jpg\"><img loading=\"lazy\" decoding=\"async\" class=\"alignright size-medium wp-image-1546\" title=\"maRCH2 MONPAZIER\" src=\"https:\/\/fransegites.eu\/wp-content\/uploads\/2012\/01\/maRCH2-MONPAZIER2-300x220.jpg\" alt=\"\" width=\"300\" height=\"220\" srcset=\"https:\/\/fransegites.eu\/wp-content\/uploads\/2012\/01\/maRCH2-MONPAZIER2-300x220.jpg 300w, https:\/\/fransegites.eu\/wp-content\/uploads\/2012\/01\/maRCH2-MONPAZIER2-1024x752.jpg 1024w, https:\/\/fransegites.eu\/wp-content\/uploads\/2012\/01\/maRCH2-MONPAZIER2.jpg 1200w\" sizes=\"auto, (max-width: 300px) 100vw, 300px\" \/><\/a><\/p>\n<p>\u00a0<\/p>\n<p>\u00a0<\/p>\n<p>\u00a0<\/p>","protected":false},"excerpt":{"rendered":"<p>Pour 1 \u00e0 4 personnes \u00a0 A la crois\u00e9e de trois d\u00e9partements, le Lot, le Lot et Garonne et la Dordogne, cette maison de vacances tout en bois est totalement autonome. Compl\u00e8tement\u00a0 r\u00e9nov\u00e9e en 1998 et modernis\u00e9e, ce chalet sur un domaine de 6 hectares enti\u00e8rement bois\u00e9s vous offrira une intimit\u00e9 totale et le calme&#8230;.<\/p>\n","protected":false},"author":1,"featured_media":0,"parent":7,"menu_order":4,"comment_status":"closed","ping_status":"open","template":"","meta":{"footnotes":""},"class_list":["post-88","page","type-page","status-publish","hentry","page-entry","loop-entry clr"],"_links":{"self":[{"href":"https:\/\/fransegites.eu\/fr\/wp-json\/wp\/v2\/pages\/88","targetHints":{"allow":["GET"]}}],"collection":[{"href":"https:\/\/fransegites.eu\/fr\/wp-json\/wp\/v2\/pages"}],"about":[{"href":"https:\/\/fransegites.eu\/fr\/wp-json\/wp\/v2\/types\/page"}],"author":[{"embeddable":true,"href":"https:\/\/fransegites.eu\/fr\/wp-json\/wp\/v2\/users\/1"}],"replies":[{"embeddable":true,"href":"https:\/\/fransegites.eu\/fr\/wp-json\/wp\/v2\/comments?post=88"}],"version-history":[{"count":39,"href":"https:\/\/fransegites.eu\/fr\/wp-json\/wp\/v2\/pages\/88\/revisions"}],"predecessor-version":[{"id":280,"href":"https:\/\/fransegites.eu\/fr\/wp-json\/wp\/v2\/pages\/88\/revisions\/280"}],"up":[{"embeddable":true,"href":"https:\/\/fransegites.eu\/fr\/wp-json\/wp\/v2\/pages\/7"}],"wp:attachment":[{"href":"https:\/\/fransegites.eu\/fr\/wp-json\/wp\/v2\/media?parent=88"}],"curies":[{"name":"wp","href":"https:\/\/api.w.org\/{rel}","templated":true}]}}