{"id":7,"date":"2011-12-19T20:37:35","date_gmt":"2011-12-19T20:37:35","guid":{"rendered":"http:\/\/fransegites.eu\/?page_id=7"},"modified":"2023-08-15T15:32:36","modified_gmt":"2023-08-15T13:32:36","slug":"gites","status":"publish","type":"page","link":"https:\/\/fransegites.eu\/fr\/gites\/","title":{"rendered":"Gites"},"content":{"rendered":"<p>Les maisons sont distantes les unes des autres d&rsquo;une dizaine de kilom\u00e8tres.<\/p>\n<p>Nous sommes votre interlocuteur direct. Disponible 24\/24 &#8211; 7j\/7.<\/p>\n<p>Nous ferons toujours de notre mieux pour que votre s\u00e9jour soit une r\u00e9ussite.<\/p>\n<p>Toutes les maisons sont \u00e9quip\u00e9es avec l&rsquo;Internet WiFi<\/p>\n<p>Cordialement,<\/p>\n<p>Rob TeeuwenLes maisons sont distantes les unes des autres d&rsquo;une dizaine de kilom\u00e8tres.<\/p>\n<p>Nous sommes votre interlocuteur direct. Disponible 24\/24 &#8211; 7j\/7.<\/p>\n<p>Nous ferons toujours de notre mieux pour que votre s\u00e9jour soit une r\u00e9ussite.<\/p>\n<p>Toutes les maisons sont \u00e9quip\u00e9es avec l&rsquo;Internet WiFi<\/p>\n<p>Cordialement,<\/p>\n<p>Rob Teeuwen<\/p>","protected":false},"excerpt":{"rendered":"<p>Les maisons sont distantes les unes des autres d&rsquo;une dizaine de kilom\u00e8tres. Nous sommes votre interlocuteur direct. Disponible 24\/24 &#8211; 7j\/7. Nous ferons toujours de notre mieux pour que votre s\u00e9jour soit une r\u00e9ussite. Toutes les maisons sont \u00e9quip\u00e9es avec l&rsquo;Internet WiFi Cordialement, Rob TeeuwenLes maisons sont distantes les unes des autres d&rsquo;une dizaine de&#8230;<\/p>\n","protected":false},"author":1,"featured_media":0,"parent":0,"menu_order":1,"comment_status":"closed","ping_status":"open","template":"","meta":{"footnotes":""},"class_list":["post-7","page","type-page","status-publish","hentry","page-entry","loop-entry clr"],"_links":{"self":[{"href":"https:\/\/fransegites.eu\/fr\/wp-json\/wp\/v2\/pages\/7","targetHints":{"allow":["GET"]}}],"collection":[{"href":"https:\/\/fransegites.eu\/fr\/wp-json\/wp\/v2\/pages"}],"about":[{"href":"https:\/\/fransegites.eu\/fr\/wp-json\/wp\/v2\/types\/page"}],"author":[{"embeddable":true,"href":"https:\/\/fransegites.eu\/fr\/wp-json\/wp\/v2\/users\/1"}],"replies":[{"embeddable":true,"href":"https:\/\/fransegites.eu\/fr\/wp-json\/wp\/v2\/comments?post=7"}],"version-history":[{"count":23,"href":"https:\/\/fransegites.eu\/fr\/wp-json\/wp\/v2\/pages\/7\/revisions"}],"predecessor-version":[{"id":3320,"href":"https:\/\/fransegites.eu\/fr\/wp-json\/wp\/v2\/pages\/7\/revisions\/3320"}],"wp:attachment":[{"href":"https:\/\/fransegites.eu\/fr\/wp-json\/wp\/v2\/media?parent=7"}],"curies":[{"name":"wp","href":"https:\/\/api.w.org\/{rel}","templated":true}]}}