{"id":486,"date":"2012-04-09T13:31:26","date_gmt":"2012-04-09T13:31:26","guid":{"rendered":"http:\/\/fransegites.eu\/?page_id=486"},"modified":"2018-12-28T10:57:30","modified_gmt":"2018-12-28T09:57:30","slug":"puy-leveque","status":"publish","type":"page","link":"https:\/\/fransegites.eu\/fr\/activiteiten\/puy-leveque\/","title":{"rendered":"Puy L&rsquo;Ev\u00eaque"},"content":{"rendered":"<p>\u00a0Le d\u00e9partement du Lot se situe dans le Quercy. Cette r\u00e9gion borde le P\u00e9rigord (au nord), l&rsquo;Auvergne (\u00e0 l&rsquo;est) et l&rsquo;Armagnac (au sud). Notre g\u00eete se trouve un peu au nord de la rivi\u00e8re du Lot, dans la r\u00e9gion que l&rsquo;on appelle \u00e9galement le Haut Quercy.<\/p>\n<p>C&rsquo;est une r\u00e9gion frontali\u00e8re et c&rsquo;est ce qui la rend int\u00e9ressante. Les \u00ab\u00a0Causses\u00a0\u00bb sont en fait une plaine calcaire ondul\u00e9e qui a \u00e9t\u00e9 form\u00e9e par la mer, \u00e0 l&rsquo;ouest et au pied du Massif Central. Le paysage montagneux a \u00e9t\u00e9 cr\u00e9\u00e9 par le magma \u00e0 l&rsquo;est.<\/p>\n<p>Le tout offre une tr\u00e8s grande vari\u00e9t\u00e9 dans les paysages et la culture. Le climat est influenc\u00e9 d&rsquo;un c\u00f4t\u00e9 par l&rsquo;oc\u00e9an atlantique, de l&rsquo;autre par les Pyr\u00e9n\u00e9es au sud, et les montagnes \u00e0 l&rsquo;est jouent \u00e9galement un r\u00f4le.<\/p>\n<p>Les conditions atmosph\u00e9riques sont caract\u00e9ris\u00e9es par des \u00e9t\u00e9s chauds et des hivers doux. Le printemps peut faire son apparition ici au d\u00e9but du mois de mars et l&rsquo;automne peut se prolonger jusqu&rsquo;\u00e0 la fin octobre.<\/p>\n<p>On a l&rsquo;impression qu&rsquo;il y fait plus chaud que partout ailleurs dans le sud de la France. C&rsquo;est principalement d\u00fb au fait que le domaine se situe en grande partie \u00e0 l&rsquo;abri du vent gr\u00e2ce aux Pyr\u00e9n\u00e9es. Dans l&rsquo;apr\u00e8s-midi, il y a tout au plus un mistral qui souffle, mais il donne justement un petit peu d&rsquo;air frais pendant les chaudes journ\u00e9es d&rsquo;\u00e9t\u00e9.<\/p>\n<p>Du fait que c&rsquo;est un lieu abrit\u00e9, l&rsquo;automne y est particuli\u00e8rement unique : les feuilles restent longtemps sur les branches, alors qu&rsquo;elles tombent des arbres plus au nord \u00e0 cause des temp\u00eates d&rsquo;automne. Les couleurs y sont donc particuli\u00e8rement resplendissantes.<\/p>\n<p>Le d\u00e9partement du Lot est connu pour ses petits restaurants, et l&rsquo;on assure que l&rsquo;on y mange la meilleure gastronomie fran\u00e7aise. On y propose de nombreuses sp\u00e9cialit\u00e9s, comme le Confit de Canard et le Magret de Canard. Le Lot est \u00e9galement connu pour ses d\u00e9licieuses p\u00e2tisseries, notamment ses tartes aux noix.<\/p>\n<p>La vall\u00e9e de la rivi\u00e8re du Lot est tr\u00e8s riche en beaut\u00e9s de la nature et du point de vue culturel. Apr\u00e8s Paris, c&rsquo;est le plus vieux domaine de France et on y a d\u00e9couvert depuis peu (1999) des grottes datant de la pr\u00e9histoire. Dans cette r\u00e9gion, on peut d\u00e9couvrir des centaines, voir des milliers d&rsquo;insectes diff\u00e9rents, de fleurs, de fossiles et d&rsquo;oiseaux.<\/p>\n<p>Cette nature spectaculaire sera s\u00fbrement pour vous une garantie pour des vacances d\u00e9tendues dans l&rsquo;une des plus belles r\u00e9gions de France. Une visite aux magnifiques grottes des environs est vivement conseill\u00e9e.<br \/>\nVous avez \u00e9galement la possibilit\u00e9 de faire de belles promenades alliant nature et culture. L&rsquo;une de ces promenades vous am\u00e8ne au Ch\u00e2teau Bonnaquill mondialement connu.<\/p>\n<p>De la maison, vous pouvez \u00e9galement faire plusieurs promenades en empruntant de vieux chemins de p\u00e9lerins (qui m\u00e8nent \u00e9galement \u00e0 Santiago de Compostella). A 3 km de la maison, vous pourrez admirer les ruines d&rsquo;une ancienne \u00e9glise de p\u00e9lerins. La faune et la flore vous feront d\u00e9couvrir le \u00ab\u00a0plus beau pays d&rsquo;Europe\u00a0\u00bb.<\/p>\n<p>Activit\u00e9s. Au village de Montcabrier \u00e0 1 km, il y a un boulanger ou vous pourrez \u00e9galement vous procurer les mati\u00e8res de premi\u00e8re n\u00e9cessit\u00e9. Le village de Fumel se situe \u00e0 8 km, et vous y trouverez tout ce dont vous aurez besoin: de grands supermarch\u00e9s, des boulangers, etc. La rivi\u00e8re du Lot traverse ce village, et en amont, vous trouverez le village de Duravel (Vire sur lot) ou vous pouvez louer des cano\u00ebs, des v\u00e9los, des mountainbikes etc. Vous pouvez \u00e9galement participer \u00e0 des randonn\u00e9es organis\u00e9es avec un guide. Dans le village de Prayssac, il y a plusieurs restaurants sympas ou l&rsquo;on mange tr\u00e8s bien, et le samedi, il y a un march\u00e9 pr\u00e8s de l&rsquo;\u00e9glise. Pour nager, rendez-vous notamment \u00e0 Fumel, ou il y a une piscine.<\/p>\n<p>A Frayssinet le Gelat, un petit village \u00e0 15 minutes du g\u00eete, vous pouvez nager dans une rivi\u00e8re d&rsquo;eau de source. Il y a aussi une petite plage. Autres possibilit\u00e9s encore : Catus ou Cazals. Pour faire des promenades \u00e0 cheval avec guide, allez au man\u00e8ge se situant \u00e0 15 minutes du g\u00eete. Les activit\u00e9s suivantes sont accessibles dans les environs imm\u00e9diats (max \u00e0 30 minutes en voiture) : escalade, natation, promenades, v\u00e9lo tout-terrain, cheval, sports nautiques, sports de montagne, vol \u00e0 voile, tennis. Gastronomie et vin : Puy L&rsquo;Ev\u00eaque vaut aussi la peine d&rsquo;une visite. La ville viticole de Cahors, mondialement connue, se situe \u00e0 40 minutes en voiture. Depuis le g\u00eete, vous pouvez faire plusieurs promenades fl\u00e9ch\u00e9es qui traversent plusieurs vignobles. Certaines font 20 km, mais vous pouvez \u00e9galement faire des promenades plus courtes. Vous pouvez vous procurer une carte des promenades au syndicat d&rsquo;initiatives de Fumel (D\u00e9partement du Lot et Garonne), ou \u00e0 Puy l&rsquo;Ev\u00eaque (D\u00e9partement du Lot).<\/p>\n<p>Une visite \u00e0 ne surtout pas manquer : la ville de Rocamadour et ses grottes environnantes.<\/p>\n<p>Vous avez \u00e9galement la possibilit\u00e9 de visiter des ch\u00e2teaux viticoles renomm\u00e9s, dont la r\u00e9gion est particuli\u00e8rement riche. Vous pouvez vous y procurer aussi bien du vin de table que du vin de Cahors. Dans les environs imm\u00e9diats, vous trouverez des dizaines de maisons viticoles.<\/p>\n<p>.<\/p>\n<p>&nbsp;<\/p>","protected":false},"excerpt":{"rendered":"<p>\u00a0Le d\u00e9partement du Lot se situe dans le Quercy. Cette r\u00e9gion borde le P\u00e9rigord (au nord), l&rsquo;Auvergne (\u00e0 l&rsquo;est) et l&rsquo;Armagnac (au sud). Notre g\u00eete se trouve un peu au nord de la rivi\u00e8re du Lot, dans la r\u00e9gion que l&rsquo;on appelle \u00e9galement le Haut Quercy. C&rsquo;est une r\u00e9gion frontali\u00e8re et c&rsquo;est ce qui la&#8230;<\/p>\n","protected":false},"author":2,"featured_media":2794,"parent":17,"menu_order":2,"comment_status":"closed","ping_status":"open","template":"","meta":{"footnotes":""},"class_list":["post-486","page","type-page","status-publish","has-post-thumbnail","hentry","page-entry","loop-entry clr"],"_links":{"self":[{"href":"https:\/\/fransegites.eu\/fr\/wp-json\/wp\/v2\/pages\/486","targetHints":{"allow":["GET"]}}],"collection":[{"href":"https:\/\/fransegites.eu\/fr\/wp-json\/wp\/v2\/pages"}],"about":[{"href":"https:\/\/fransegites.eu\/fr\/wp-json\/wp\/v2\/types\/page"}],"author":[{"embeddable":true,"href":"https:\/\/fransegites.eu\/fr\/wp-json\/wp\/v2\/users\/2"}],"replies":[{"embeddable":true,"href":"https:\/\/fransegites.eu\/fr\/wp-json\/wp\/v2\/comments?post=486"}],"version-history":[{"count":13,"href":"https:\/\/fransegites.eu\/fr\/wp-json\/wp\/v2\/pages\/486\/revisions"}],"predecessor-version":[{"id":2999,"href":"https:\/\/fransegites.eu\/fr\/wp-json\/wp\/v2\/pages\/486\/revisions\/2999"}],"up":[{"embeddable":true,"href":"https:\/\/fransegites.eu\/fr\/wp-json\/wp\/v2\/pages\/17"}],"wp:featuredmedia":[{"embeddable":true,"href":"https:\/\/fransegites.eu\/fr\/wp-json\/wp\/v2\/media\/2794"}],"wp:attachment":[{"href":"https:\/\/fransegites.eu\/fr\/wp-json\/wp\/v2\/media?parent=486"}],"curies":[{"name":"wp","href":"https:\/\/api.w.org\/{rel}","templated":true}]}}