{"id":482,"date":"2012-04-09T13:25:16","date_gmt":"2012-04-09T13:25:16","guid":{"rendered":"http:\/\/fransegites.eu\/?page_id=482"},"modified":"2018-12-28T10:53:33","modified_gmt":"2018-12-28T09:53:33","slug":"la-source","status":"publish","type":"page","link":"https:\/\/fransegites.eu\/fr\/activiteiten\/la-source\/","title":{"rendered":"Montcabrier"},"content":{"rendered":"<p>Au village de Montcabrier \u00e0 1 km, il y a un boulanger ou vous pourrez \u00e9galement vous procurer les mati\u00e8res de premi\u00e8re n\u00e9cessit\u00e9. Le village de Fumel se situe \u00e0 8 km, et vous y trouverez tout ce dont vous aurez besoin: de grands supermarch\u00e9s, des boulangers, etc. La rivi\u00e8re du Lot traverse ce village, et en amont, vous trouverez le village de Duravel (Vire sur lot) ou vous pouvez louer des cano\u00ebs, des v\u00e9los, des mountainbikes etc. Vous pouvez \u00e9galement participer \u00e0 des randonn\u00e9es organis\u00e9es avec un guide. Dans le village de Prayssac, il y a plusieurs restaurants sympas ou l&rsquo;on mange tr\u00e8s bien, et le samedi, il y a un march\u00e9 pr\u00e8s de l&rsquo;\u00e9glise. Pour nager, rendez-vous notamment \u00e0 Fumel, ou il y a une piscine.<\/p>\n<p>A Frayssinet le Gelat, un petit village \u00e0 15 minutes du g\u00eete, vous pouvez nager dans une rivi\u00e8re d&rsquo;eau de source. Il y a aussi une petite plage. Autres possibilit\u00e9s encore : Catus ou Cazals. Pour faire des promenades \u00e0 cheval avec guide, allez au man\u00e8ge se situant \u00e0 15 minutes du g\u00eete. Les activit\u00e9s suivantes sont accessibles dans les environs imm\u00e9diats (max \u00e0 30 minutes en voiture) : escalade, natation, promenades, v\u00e9lo tout-terrain, cheval, sports nautiques, sports de montagne, vol \u00e0 voile, tennis. Gastronomie et vin : Puy L&rsquo;Ev\u00eaque vaut aussi la peine d&rsquo;une visite. La ville viticole de Cahors, mondialement connue, se situe \u00e0 40 minutes en voiture. Depuis le g\u00eete, vous pouvez faire plusieurs promenades fl\u00e9ch\u00e9es qui traversent plusieurs vignobles. Certaines font 20 km, mais vous pouvez \u00e9galement faire des promenades plus courtes. Vous pouvez vous procurer une carte des promenades au syndicat d&rsquo;initiatives de Fumel (D\u00e9partement du Lot et Garonne), ou \u00e0 Puy l&rsquo;Ev\u00eaque (D\u00e9partement du Lot).<\/p>\n<p>Une visite \u00e0 ne surtout pas manquer : la ville de Rocamadour et ses grottes environnantes.<\/p>\n<p>Vous avez \u00e9galement la possibilit\u00e9 de visiter des ch\u00e2teaux viticoles renomm\u00e9s, dont la r\u00e9gion est particuli\u00e8rement riche. Vous pouvez vous y procurer aussi bien du vin de table que du vin de Cahors. Dans les environs imm\u00e9diats, vous trouverez des dizaines de maisons viticoles.<\/p>\n<p><img decoding=\"async\" title=\"gallery link=&quot;file&quot;\" src=\"https:\/\/fransegites.eu\/wp-includes\/js\/tinymce\/plugins\/wpgallery\/img\/t.gif\" alt=\"\" \/><\/p>","protected":false},"excerpt":{"rendered":"<p>Au village de Montcabrier \u00e0 1 km, il y a un boulanger ou vous pourrez \u00e9galement vous procurer les mati\u00e8res de premi\u00e8re n\u00e9cessit\u00e9. Le village de Fumel se situe \u00e0 8 km, et vous y trouverez tout ce dont vous aurez besoin: de grands supermarch\u00e9s, des boulangers, etc. La rivi\u00e8re du Lot traverse ce village,&#8230;<\/p>\n","protected":false},"author":2,"featured_media":0,"parent":17,"menu_order":0,"comment_status":"closed","ping_status":"closed","template":"","meta":{"footnotes":""},"class_list":["post-482","page","type-page","status-publish","hentry","page-entry","loop-entry clr"],"_links":{"self":[{"href":"https:\/\/fransegites.eu\/fr\/wp-json\/wp\/v2\/pages\/482","targetHints":{"allow":["GET"]}}],"collection":[{"href":"https:\/\/fransegites.eu\/fr\/wp-json\/wp\/v2\/pages"}],"about":[{"href":"https:\/\/fransegites.eu\/fr\/wp-json\/wp\/v2\/types\/page"}],"author":[{"embeddable":true,"href":"https:\/\/fransegites.eu\/fr\/wp-json\/wp\/v2\/users\/2"}],"replies":[{"embeddable":true,"href":"https:\/\/fransegites.eu\/fr\/wp-json\/wp\/v2\/comments?post=482"}],"version-history":[{"count":21,"href":"https:\/\/fransegites.eu\/fr\/wp-json\/wp\/v2\/pages\/482\/revisions"}],"predecessor-version":[{"id":2998,"href":"https:\/\/fransegites.eu\/fr\/wp-json\/wp\/v2\/pages\/482\/revisions\/2998"}],"up":[{"embeddable":true,"href":"https:\/\/fransegites.eu\/fr\/wp-json\/wp\/v2\/pages\/17"}],"wp:attachment":[{"href":"https:\/\/fransegites.eu\/fr\/wp-json\/wp\/v2\/media?parent=482"}],"curies":[{"name":"wp","href":"https:\/\/api.w.org\/{rel}","templated":true}]}}