{"id":13,"date":"2011-12-19T20:39:09","date_gmt":"2011-12-19T20:39:09","guid":{"rendered":"http:\/\/fransegites.eu\/?page_id=13"},"modified":"2023-04-17T15:59:29","modified_gmt":"2023-04-17T13:59:29","slug":"le-belvedere","status":"publish","type":"page","link":"https:\/\/fransegites.eu\/fr\/gites\/le-belvedere\/","title":{"rendered":"Le Belv\u00e9d\u00e8re, Puy-l&rsquo;\u00c9v\u00eaque1-7 pers. Piscine"},"content":{"rendered":"<p><\/p>\n<h2>G\u00eete avec piscine priv\u00e9e pour 1 \u00e0 7 personnes<\/h2>\n<p><a href=\"https:\/\/fransegites.eu\/wp-content\/uploads\/2011\/12\/aangezicht-le-belvedere.jpg\"><img loading=\"lazy\" decoding=\"async\" class=\"alignleft size-medium wp-image-90\" title=\"aangezicht le belvedere\" src=\"https:\/\/fransegites.eu\/wp-content\/uploads\/2011\/12\/aangezicht-le-belvedere-300x225.jpg\" alt=\"\" width=\"300\" height=\"225\" srcset=\"https:\/\/fransegites.eu\/wp-content\/uploads\/2011\/12\/aangezicht-le-belvedere-300x225.jpg 300w, https:\/\/fransegites.eu\/wp-content\/uploads\/2011\/12\/aangezicht-le-belvedere.jpg 800w\" sizes=\"auto, (max-width: 300px) 100vw, 300px\" \/><\/a>\u00a0\u00a0 A deux pas de Puy l\u2019\u00c9v\u00eaque, en campagne, abrit\u00e9e par une for\u00eat de pins, \u00e0 flanc de coteaux, cette maison de 150 m2 vous accueillera pour un s\u00e9jour calme et reposant. De plain-pied, elle poss\u00e8de une grande terrasse avec vue sur la vall\u00e9e du Lot.<\/p>\n<p>Vous pourrez profiter de sa piscine close et privative et de toutes les activit\u00e9s qu\u2019offre la r\u00e9gion. (Randonn\u00e9es, activit\u00e9s nautiques, visites de bastides et de ch\u00e2teaux\u2026)<\/p>\n<p><span style=\"text-decoration: underline;\">DESCRIPTIF :<\/span><\/p>\n<p>Capacit\u00e9 : 7 personnes.<\/p>\n<p>Animal domestique : Accept\u00e9 gratuitement<\/p>\n<p>Superficie : 150 m<sup>2\u00a0\u00a0\u00a0\u00a0\u00a0\u00a0\u00a0\u00a0\u00a0\u00a0\u00a0\u00a0\u00a0\u00a0\u00a0\u00a0\u00a0\u00a0\u00a0\u00a0\u00a0\u00a0\u00a0\u00a0\u00a0\u00a0\u00a0 <\/sup><\/p>\n<p>Nombre de chambres : 3<\/p>\n<p><a href=\"https:\/\/fransegites.eu\/wp-content\/uploads\/2011\/12\/PI13602-hr.jpg\"><img loading=\"lazy\" decoding=\"async\" class=\"size-medium wp-image-1469 alignright\" title=\"PI13602-hr\" src=\"https:\/\/fransegites.eu\/wp-content\/uploads\/2011\/12\/PI13602-hr-300x200.jpg\" alt=\"\" width=\"300\" height=\"200\" srcset=\"https:\/\/fransegites.eu\/wp-content\/uploads\/2011\/12\/PI13602-hr-300x200.jpg 300w, https:\/\/fransegites.eu\/wp-content\/uploads\/2011\/12\/PI13602-hr-1024x685.jpg 1024w, https:\/\/fransegites.eu\/wp-content\/uploads\/2011\/12\/PI13602-hr.jpg 1200w\" sizes=\"auto, (max-width: 300px) 100vw, 300px\" \/><\/a><\/p>\n<h2>G\u00eete avec piscine priv\u00e9e pour 1 \u00e0 7 personnes<\/h2>\n<p><a href=\"https:\/\/fransegites.eu\/wp-content\/uploads\/2011\/12\/aangezicht-le-belvedere.jpg\"><img loading=\"lazy\" decoding=\"async\" class=\"alignleft size-medium wp-image-90\" title=\"aangezicht le belvedere\" src=\"https:\/\/fransegites.eu\/wp-content\/uploads\/2011\/12\/aangezicht-le-belvedere-300x225.jpg\" alt=\"\" width=\"300\" height=\"225\" srcset=\"https:\/\/fransegites.eu\/wp-content\/uploads\/2011\/12\/aangezicht-le-belvedere-300x225.jpg 300w, https:\/\/fransegites.eu\/wp-content\/uploads\/2011\/12\/aangezicht-le-belvedere.jpg 800w\" sizes=\"auto, (max-width: 300px) 100vw, 300px\" \/><\/a>\u00a0\u00a0 A deux pas de Puy l\u2019\u00c9v\u00eaque, en campagne, abrit\u00e9e par une for\u00eat de pins, \u00e0 flanc de coteaux, cette maison de 150 m2 vous accueillera pour un s\u00e9jour calme et reposant. De plain-pied, elle poss\u00e8de une grande terrasse avec vue sur la vall\u00e9e du Lot.<\/p>\n<p>Vous pourrez profiter de sa piscine close et privative et de toutes les activit\u00e9s qu\u2019offre la r\u00e9gion. (Randonn\u00e9es, activit\u00e9s nautiques, visites de bastides et de ch\u00e2teaux\u2026)<\/p>\n<p><span style=\"text-decoration: underline;\">DESCRIPTIF :<\/span><\/p>\n<p>Capacit\u00e9 : 7 personnes.<\/p>\n<p>Animal domestique : Accept\u00e9 gratuitement<\/p>\n<p>Superficie : 150 m<sup>2\u00a0\u00a0\u00a0\u00a0\u00a0\u00a0\u00a0\u00a0\u00a0\u00a0\u00a0\u00a0\u00a0\u00a0\u00a0\u00a0\u00a0\u00a0\u00a0\u00a0\u00a0\u00a0\u00a0\u00a0\u00a0\u00a0\u00a0 <\/sup><\/p>\n<p>Nombre de chambres : 3<\/p>\n<p><a href=\"https:\/\/fransegites.eu\/wp-content\/uploads\/2011\/12\/PI13602-hr.jpg\"><img loading=\"lazy\" decoding=\"async\" class=\"size-medium wp-image-1469 alignright\" title=\"PI13602-hr\" src=\"https:\/\/fransegites.eu\/wp-content\/uploads\/2011\/12\/PI13602-hr-300x200.jpg\" alt=\"\" width=\"300\" height=\"200\" srcset=\"https:\/\/fransegites.eu\/wp-content\/uploads\/2011\/12\/PI13602-hr-300x200.jpg 300w, https:\/\/fransegites.eu\/wp-content\/uploads\/2011\/12\/PI13602-hr-1024x685.jpg 1024w, https:\/\/fransegites.eu\/wp-content\/uploads\/2011\/12\/PI13602-hr.jpg 1200w\" sizes=\"auto, (max-width: 300px) 100vw, 300px\" \/><\/a><\/p>\n<h2>G\u00eete avec piscine priv\u00e9e pour 1 \u00e0 7 personnes<\/h2>\n<p><a href=\"https:\/\/fransegites.eu\/wp-content\/uploads\/2011\/12\/aangezicht-le-belvedere.jpg\"><img loading=\"lazy\" decoding=\"async\" class=\"alignleft size-medium wp-image-90\" title=\"aangezicht le belvedere\" src=\"https:\/\/fransegites.eu\/wp-content\/uploads\/2011\/12\/aangezicht-le-belvedere-300x225.jpg\" alt=\"\" width=\"300\" height=\"225\" srcset=\"https:\/\/fransegites.eu\/wp-content\/uploads\/2011\/12\/aangezicht-le-belvedere-300x225.jpg 300w, https:\/\/fransegites.eu\/wp-content\/uploads\/2011\/12\/aangezicht-le-belvedere.jpg 800w\" sizes=\"auto, (max-width: 300px) 100vw, 300px\" \/><\/a>\u00a0\u00a0 A deux pas de Puy l\u2019\u00c9v\u00eaque, en campagne, abrit\u00e9e par une for\u00eat de pins, \u00e0 flanc de coteaux, cette maison de 150 m2 vous accueillera pour un s\u00e9jour calme et reposant. De plain-pied, elle poss\u00e8de une grande terrasse avec vue sur la vall\u00e9e du Lot.<\/p>\n<p>Vous pourrez profiter de sa piscine close et privative et de toutes les activit\u00e9s qu\u2019offre la r\u00e9gion. (Randonn\u00e9es, activit\u00e9s nautiques, visites de bastides et de ch\u00e2teaux\u2026)<\/p>\n<p><span style=\"text-decoration: underline;\">DESCRIPTIF :<\/span><\/p>\n<p>Capacit\u00e9 : 7 personnes.<\/p>\n<p>Animal domestique : Accept\u00e9 gratuitement<\/p>\n<p>Superficie : 150 m<sup>2\u00a0\u00a0\u00a0\u00a0\u00a0\u00a0\u00a0\u00a0\u00a0\u00a0\u00a0\u00a0\u00a0\u00a0\u00a0\u00a0\u00a0\u00a0\u00a0\u00a0\u00a0\u00a0\u00a0\u00a0\u00a0\u00a0\u00a0 <\/sup><\/p>\n<p>Nombre de chambres : 3<\/p>\n<p><a href=\"https:\/\/fransegites.eu\/wp-content\/uploads\/2011\/12\/PI13602-hr.jpg\"><img loading=\"lazy\" decoding=\"async\" class=\"size-medium wp-image-1469 alignright\" title=\"PI13602-hr\" src=\"https:\/\/fransegites.eu\/wp-content\/uploads\/2011\/12\/PI13602-hr-300x200.jpg\" alt=\"\" width=\"300\" height=\"200\" srcset=\"https:\/\/fransegites.eu\/wp-content\/uploads\/2011\/12\/PI13602-hr-300x200.jpg 300w, https:\/\/fransegites.eu\/wp-content\/uploads\/2011\/12\/PI13602-hr-1024x685.jpg 1024w, https:\/\/fransegites.eu\/wp-content\/uploads\/2011\/12\/PI13602-hr.jpg 1200w\" sizes=\"auto, (max-width: 300px) 100vw, 300px\" \/><\/a><\/p>\n<h2>G\u00eete avec piscine priv\u00e9e pour 1 \u00e0 7 personnes<\/h2>\n<p><a href=\"https:\/\/fransegites.eu\/wp-content\/uploads\/2011\/12\/aangezicht-le-belvedere.jpg\"><img loading=\"lazy\" decoding=\"async\" class=\"alignleft size-medium wp-image-90\" title=\"aangezicht le belvedere\" src=\"https:\/\/fransegites.eu\/wp-content\/uploads\/2011\/12\/aangezicht-le-belvedere-300x225.jpg\" alt=\"\" width=\"300\" height=\"225\" srcset=\"https:\/\/fransegites.eu\/wp-content\/uploads\/2011\/12\/aangezicht-le-belvedere-300x225.jpg 300w, https:\/\/fransegites.eu\/wp-content\/uploads\/2011\/12\/aangezicht-le-belvedere.jpg 800w\" sizes=\"auto, (max-width: 300px) 100vw, 300px\" \/><\/a>\u00a0\u00a0 A deux pas de Puy l\u2019\u00c9v\u00eaque, en campagne, abrit\u00e9e par une for\u00eat de pins, \u00e0 flanc de coteaux, cette maison de 150 m2 vous accueillera pour un s\u00e9jour calme et reposant. De plain-pied, elle poss\u00e8de une grande terrasse avec vue sur la vall\u00e9e du Lot.<\/p>\n<p>Vous pourrez profiter de sa piscine close et privative et de toutes les activit\u00e9s qu\u2019offre la r\u00e9gion. (Randonn\u00e9es, activit\u00e9s nautiques, visites de bastides et de ch\u00e2teaux\u2026)<\/p>\n<p><span style=\"text-decoration: underline;\">DESCRIPTIF :<\/span><\/p>\n<p>Capacit\u00e9 : 7 personnes.<\/p>\n<p>Animal domestique : Accept\u00e9 gratuitement<\/p>\n<p>Superficie : 150 m<sup>2\u00a0\u00a0\u00a0\u00a0\u00a0\u00a0\u00a0\u00a0\u00a0\u00a0\u00a0\u00a0\u00a0\u00a0\u00a0\u00a0\u00a0\u00a0\u00a0\u00a0\u00a0\u00a0\u00a0\u00a0\u00a0\u00a0\u00a0 <\/sup><\/p>\n<p>Nombre de chambres : 3<\/p>\n<p>\u00a0<\/p>\n<p><a href=\"https:\/\/fransegites.eu\/wp-content\/uploads\/2011\/12\/PI13602-hr.jpg\"><img loading=\"lazy\" decoding=\"async\" class=\"size-medium wp-image-1469 alignright\" title=\"PI13602-hr\" src=\"https:\/\/fransegites.eu\/wp-content\/uploads\/2011\/12\/PI13602-hr-300x200.jpg\" alt=\"\" width=\"300\" height=\"200\" srcset=\"https:\/\/fransegites.eu\/wp-content\/uploads\/2011\/12\/PI13602-hr-300x200.jpg 300w, https:\/\/fransegites.eu\/wp-content\/uploads\/2011\/12\/PI13602-hr-1024x685.jpg 1024w, https:\/\/fransegites.eu\/wp-content\/uploads\/2011\/12\/PI13602-hr.jpg 1200w\" sizes=\"auto, (max-width: 300px) 100vw, 300px\" \/><\/a><\/p>","protected":false},"excerpt":{"rendered":"<p>G\u00eete avec piscine priv\u00e9e pour 1 \u00e0 7 personnes \u00a0\u00a0 A deux pas de Puy l\u2019\u00c9v\u00eaque, en campagne, abrit\u00e9e par une for\u00eat de pins, \u00e0 flanc de coteaux, cette maison de 150 m2 vous accueillera pour un s\u00e9jour calme et reposant. De plain-pied, elle poss\u00e8de une grande terrasse avec vue sur la vall\u00e9e du Lot&#8230;.<\/p>\n","protected":false},"author":1,"featured_media":0,"parent":7,"menu_order":2,"comment_status":"closed","ping_status":"open","template":"","meta":{"footnotes":""},"class_list":["post-13","page","type-page","status-publish","hentry","page-entry","loop-entry clr"],"_links":{"self":[{"href":"https:\/\/fransegites.eu\/fr\/wp-json\/wp\/v2\/pages\/13","targetHints":{"allow":["GET"]}}],"collection":[{"href":"https:\/\/fransegites.eu\/fr\/wp-json\/wp\/v2\/pages"}],"about":[{"href":"https:\/\/fransegites.eu\/fr\/wp-json\/wp\/v2\/types\/page"}],"author":[{"embeddable":true,"href":"https:\/\/fransegites.eu\/fr\/wp-json\/wp\/v2\/users\/1"}],"replies":[{"embeddable":true,"href":"https:\/\/fransegites.eu\/fr\/wp-json\/wp\/v2\/comments?post=13"}],"version-history":[{"count":41,"href":"https:\/\/fransegites.eu\/fr\/wp-json\/wp\/v2\/pages\/13\/revisions"}],"predecessor-version":[{"id":3315,"href":"https:\/\/fransegites.eu\/fr\/wp-json\/wp\/v2\/pages\/13\/revisions\/3315"}],"up":[{"embeddable":true,"href":"https:\/\/fransegites.eu\/fr\/wp-json\/wp\/v2\/pages\/7"}],"wp:attachment":[{"href":"https:\/\/fransegites.eu\/fr\/wp-json\/wp\/v2\/media?parent=13"}],"curies":[{"name":"wp","href":"https:\/\/api.w.org\/{rel}","templated":true}]}}