{"id":13,"date":"2011-12-19T20:39:09","date_gmt":"2011-12-19T20:39:09","guid":{"rendered":"http:\/\/fransegites.eu\/?page_id=13"},"modified":"2023-04-17T15:59:29","modified_gmt":"2023-04-17T13:59:29","slug":"le-belvedere","status":"publish","type":"page","link":"https:\/\/fransegites.eu\/en\/gites\/le-belvedere\/","title":{"rendered":"Le Belv\u00e9d\u00e8re,Puy-l&#8217;\u00c9v\u00eaque 1-7 pers. swimmingpool"},"content":{"rendered":"<p><\/p>\n<h2>1 t\/m 7 persons &#8211; With private swimmingpool<\/h2>\n<p><a href=\"https:\/\/fransegites.eu\/wp-content\/uploads\/2011\/12\/aangezicht-le-belvedere.jpg\"><img loading=\"lazy\" decoding=\"async\" class=\"alignleft size-medium wp-image-90\" title=\"aangezicht le belvedere\" src=\"https:\/\/fransegites.eu\/wp-content\/uploads\/2011\/12\/aangezicht-le-belvedere-300x225.jpg\" alt=\"\" width=\"300\" height=\"225\" srcset=\"https:\/\/fransegites.eu\/wp-content\/uploads\/2011\/12\/aangezicht-le-belvedere-300x225.jpg 300w, https:\/\/fransegites.eu\/wp-content\/uploads\/2011\/12\/aangezicht-le-belvedere.jpg 800w\" sizes=\"auto, (max-width: 300px) 100vw, 300px\" \/><\/a><\/p>\n<p>The g\u00eete has a beautiful view over the Lot Valley and situated in the countryside.. Surroundings mostly hills.<\/p>\n<p>Our luxurious Quercy g\u00eete has recently been renovated and sits in one of the most beautiful parts of the Lot. You can feel that you&#8217;re in the country here.<\/p>\n<p>The terraces are equipped with garden chairs, deckchairs and tables. A barbecue and parasol are also available. The house gives you all the privacy you need; it is free standing on a p<\/p>\n<p><a href=\"https:\/\/fransegites.eu\/wp-content\/uploads\/2011\/12\/PI13602-hr2.jpg\"><img loading=\"lazy\" decoding=\"async\" class=\"alignright size-medium wp-image-1536\" title=\"PI13602-hr\" src=\"https:\/\/fransegites.eu\/wp-content\/uploads\/2011\/12\/PI13602-hr2-300x200.jpg\" alt=\"\" width=\"300\" height=\"200\" srcset=\"https:\/\/fransegites.eu\/wp-content\/uploads\/2011\/12\/PI13602-hr2-300x200.jpg 300w, https:\/\/fransegites.eu\/wp-content\/uploads\/2011\/12\/PI13602-hr2-1024x685.jpg 1024w, https:\/\/fransegites.eu\/wp-content\/uploads\/2011\/12\/PI13602-hr2.jpg 1200w\" sizes=\"auto, (max-width: 300px) 100vw, 300px\" \/><\/a><\/p>\n<p>roperty of 8 000m2 of land and wood. Fences surround the whole property. Save when you have children, or a dog.<\/p>\n<p>There is also a very nice new private swimming pool 8&#215;4 m ( 2004), with a nice terrace . Around the swimming pool is a fence, which can be closed. It is only for you and your family. (Lots of privacy). You don&#8217;t have to share it with other rentals or the owner . From the swimming pool you also have very nice views over the Lot valley.<\/p>\n<h2>1 t\/m 7 persons &#8211; With private swimmingpool<\/h2>\n<p><a href=\"https:\/\/fransegites.eu\/wp-content\/uploads\/2011\/12\/aangezicht-le-belvedere.jpg\"><img loading=\"lazy\" decoding=\"async\" class=\"alignleft size-medium wp-image-90\" title=\"aangezicht le belvedere\" src=\"https:\/\/fransegites.eu\/wp-content\/uploads\/2011\/12\/aangezicht-le-belvedere-300x225.jpg\" alt=\"\" width=\"300\" height=\"225\" srcset=\"https:\/\/fransegites.eu\/wp-content\/uploads\/2011\/12\/aangezicht-le-belvedere-300x225.jpg 300w, https:\/\/fransegites.eu\/wp-content\/uploads\/2011\/12\/aangezicht-le-belvedere.jpg 800w\" sizes=\"auto, (max-width: 300px) 100vw, 300px\" \/><\/a><\/p>\n<p>The g\u00eete has a beautiful view over the Lot Valley and situated in the countryside.. Surroundings mostly hills.<\/p>\n<p>Our luxurious Quercy g\u00eete has recently been renovated and sits in one of the most beautiful parts of the Lot. You can feel that you&#8217;re in the country here.<\/p>\n<p>The terraces are equipped with garden chairs, deckchairs and tables. A barbecue and parasol are also available. The house gives you all the privacy you need; it is free standing on a p<\/p>\n<p><a href=\"https:\/\/fransegites.eu\/wp-content\/uploads\/2011\/12\/PI13602-hr2.jpg\"><img loading=\"lazy\" decoding=\"async\" class=\"alignright size-medium wp-image-1536\" title=\"PI13602-hr\" src=\"https:\/\/fransegites.eu\/wp-content\/uploads\/2011\/12\/PI13602-hr2-300x200.jpg\" alt=\"\" width=\"300\" height=\"200\" srcset=\"https:\/\/fransegites.eu\/wp-content\/uploads\/2011\/12\/PI13602-hr2-300x200.jpg 300w, https:\/\/fransegites.eu\/wp-content\/uploads\/2011\/12\/PI13602-hr2-1024x685.jpg 1024w, https:\/\/fransegites.eu\/wp-content\/uploads\/2011\/12\/PI13602-hr2.jpg 1200w\" sizes=\"auto, (max-width: 300px) 100vw, 300px\" \/><\/a><\/p>\n<p>roperty of 8 000m2 of land and wood. Fences surround the whole property. Save when you have children, or a dog.<\/p>\n<p>There is also a very nice new private swimming pool 8&#215;4 m ( 2004), with a nice terrace . Around the swimming pool is a fence, which can be closed. It is only for you and your family. (Lots of privacy). You don&#8217;t have to share it with other rentals or the owner . From the swimming pool you also have very nice views over the Lot valley.<\/p>\n<h2>1 t\/m 7 persons &#8211; With private swimmingpool<\/h2>\n<p><a href=\"https:\/\/fransegites.eu\/wp-content\/uploads\/2011\/12\/aangezicht-le-belvedere.jpg\"><img loading=\"lazy\" decoding=\"async\" class=\"alignleft size-medium wp-image-90\" title=\"aangezicht le belvedere\" src=\"https:\/\/fransegites.eu\/wp-content\/uploads\/2011\/12\/aangezicht-le-belvedere-300x225.jpg\" alt=\"\" width=\"300\" height=\"225\" srcset=\"https:\/\/fransegites.eu\/wp-content\/uploads\/2011\/12\/aangezicht-le-belvedere-300x225.jpg 300w, https:\/\/fransegites.eu\/wp-content\/uploads\/2011\/12\/aangezicht-le-belvedere.jpg 800w\" sizes=\"auto, (max-width: 300px) 100vw, 300px\" \/><\/a><\/p>\n<p>The g\u00eete has a beautiful view over the Lot Valley and situated in the countryside.. Surroundings mostly hills.<\/p>\n<p>Our luxurious Quercy g\u00eete has recently been renovated and sits in one of the most beautiful parts of the Lot. You can feel that you&#8217;re in the country here.<\/p>\n<p>The terraces are equipped with garden chairs, deckchairs and tables. A barbecue and parasol are also available. The house gives you all the privacy you need; it is free standing on a p<\/p>\n<p><a href=\"https:\/\/fransegites.eu\/wp-content\/uploads\/2011\/12\/PI13602-hr2.jpg\"><img loading=\"lazy\" decoding=\"async\" class=\"alignright size-medium wp-image-1536\" title=\"PI13602-hr\" src=\"https:\/\/fransegites.eu\/wp-content\/uploads\/2011\/12\/PI13602-hr2-300x200.jpg\" alt=\"\" width=\"300\" height=\"200\" srcset=\"https:\/\/fransegites.eu\/wp-content\/uploads\/2011\/12\/PI13602-hr2-300x200.jpg 300w, https:\/\/fransegites.eu\/wp-content\/uploads\/2011\/12\/PI13602-hr2-1024x685.jpg 1024w, https:\/\/fransegites.eu\/wp-content\/uploads\/2011\/12\/PI13602-hr2.jpg 1200w\" sizes=\"auto, (max-width: 300px) 100vw, 300px\" \/><\/a><\/p>\n<p>roperty of 8 000m2 of land and wood. Fences surround the whole property. Save when you have children, or a dog.<\/p>\n<p>There is also a very nice new private swimming pool 8&#215;4 m ( 2004), with a nice terrace . Around the swimming pool is a fence, which can be closed. It is only for you and your family. (Lots of privacy). You don&#8217;t have to share it with other rentals or the owner . From the swimming pool you also have very nice views over the Lot valley.<\/p>\n<h2>1 t\/m 7 persons &#8211; With private swimmingpool<\/h2>\n<p><a href=\"https:\/\/fransegites.eu\/wp-content\/uploads\/2011\/12\/aangezicht-le-belvedere.jpg\"><img loading=\"lazy\" decoding=\"async\" class=\"alignleft size-medium wp-image-90\" title=\"aangezicht le belvedere\" src=\"https:\/\/fransegites.eu\/wp-content\/uploads\/2011\/12\/aangezicht-le-belvedere-300x225.jpg\" alt=\"\" width=\"300\" height=\"225\" srcset=\"https:\/\/fransegites.eu\/wp-content\/uploads\/2011\/12\/aangezicht-le-belvedere-300x225.jpg 300w, https:\/\/fransegites.eu\/wp-content\/uploads\/2011\/12\/aangezicht-le-belvedere.jpg 800w\" sizes=\"auto, (max-width: 300px) 100vw, 300px\" \/><\/a><\/p>\n<p>\u00a0<\/p>\n<p>\u00a0<\/p>\n<p>\u00a0<\/p>\n<p>\u00a0<\/p>\n<p>\u00a0<\/p>\n<p>The g\u00eete has a beautiful view over the Lot Valley and situated in the countryside.. Surroundings mostly hills.<\/p>\n<p>Our luxurious Quercy g\u00eete has recently been renovated and sits in one of the most beautiful parts of the Lot. You can feel that you&#8217;re in the country here.<\/p>\n<p>The terraces are equipped with garden chairs, deckchairs and tables. A barbecue and parasol are also available. The house gives you all the privacy you need; it is free standing on a p<\/p>\n<p><a href=\"https:\/\/fransegites.eu\/wp-content\/uploads\/2011\/12\/PI13602-hr2.jpg\"><img loading=\"lazy\" decoding=\"async\" class=\"alignright size-medium wp-image-1536\" title=\"PI13602-hr\" src=\"https:\/\/fransegites.eu\/wp-content\/uploads\/2011\/12\/PI13602-hr2-300x200.jpg\" alt=\"\" width=\"300\" height=\"200\" srcset=\"https:\/\/fransegites.eu\/wp-content\/uploads\/2011\/12\/PI13602-hr2-300x200.jpg 300w, https:\/\/fransegites.eu\/wp-content\/uploads\/2011\/12\/PI13602-hr2-1024x685.jpg 1024w, https:\/\/fransegites.eu\/wp-content\/uploads\/2011\/12\/PI13602-hr2.jpg 1200w\" sizes=\"auto, (max-width: 300px) 100vw, 300px\" \/><\/a><\/p>\n<p>roperty of 8 000m2 of land and wood. Fences surround the whole property. Save when you have children, or a dog.<\/p>\n<p>There is also a very nice new private swimming pool 8&#215;4 m ( 2004), with a nice terrace . Around the swimming pool is a fence, which can be closed. It is only for you and your family. (Lots of privacy). You don&#8217;t have to share it with other rentals or the owner . From the swimming pool you also have very nice views over the Lot valley.<\/p>","protected":false},"excerpt":{"rendered":"<p>1 t\/m 7 persons &#8211; With private swimmingpool The g\u00eete has a beautiful view over the Lot Valley and situated in the countryside.. Surroundings mostly hills. Our luxurious Quercy g\u00eete has recently been renovated and sits in one of the most beautiful parts of the Lot. You can feel that you&#8217;re in the country here&#8230;.<\/p>\n","protected":false},"author":1,"featured_media":0,"parent":7,"menu_order":2,"comment_status":"closed","ping_status":"open","template":"","meta":{"footnotes":""},"class_list":["post-13","page","type-page","status-publish","hentry","page-entry","loop-entry clr"],"_links":{"self":[{"href":"https:\/\/fransegites.eu\/en\/wp-json\/wp\/v2\/pages\/13","targetHints":{"allow":["GET"]}}],"collection":[{"href":"https:\/\/fransegites.eu\/en\/wp-json\/wp\/v2\/pages"}],"about":[{"href":"https:\/\/fransegites.eu\/en\/wp-json\/wp\/v2\/types\/page"}],"author":[{"embeddable":true,"href":"https:\/\/fransegites.eu\/en\/wp-json\/wp\/v2\/users\/1"}],"replies":[{"embeddable":true,"href":"https:\/\/fransegites.eu\/en\/wp-json\/wp\/v2\/comments?post=13"}],"version-history":[{"count":41,"href":"https:\/\/fransegites.eu\/en\/wp-json\/wp\/v2\/pages\/13\/revisions"}],"predecessor-version":[{"id":3315,"href":"https:\/\/fransegites.eu\/en\/wp-json\/wp\/v2\/pages\/13\/revisions\/3315"}],"up":[{"embeddable":true,"href":"https:\/\/fransegites.eu\/en\/wp-json\/wp\/v2\/pages\/7"}],"wp:attachment":[{"href":"https:\/\/fransegites.eu\/en\/wp-json\/wp\/v2\/media?parent=13"}],"curies":[{"name":"wp","href":"https:\/\/api.w.org\/{rel}","templated":true}]}}