{"id":15,"date":"2011-12-19T20:47:03","date_gmt":"2011-12-19T20:47:03","guid":{"rendered":"http:\/\/fransegites.eu\/?page_id=15"},"modified":"2018-12-28T11:17:28","modified_gmt":"2018-12-28T10:17:28","slug":"omgeving","status":"publish","type":"page","link":"https:\/\/fransegites.eu\/de\/omgeving\/","title":{"rendered":"Umgebung"},"content":{"rendered":"<p><a href=\"https:\/\/fransegites.eu\/wp-content\/uploads\/2011\/12\/omgeving01.jpg\"><img loading=\"lazy\" decoding=\"async\" class=\"alignleft size-thumbnail wp-image-237\" title=\"omgeving01\" src=\"https:\/\/fransegites.eu\/wp-content\/uploads\/2011\/12\/omgeving01-150x150.jpg\" alt=\"\" width=\"150\" height=\"150\" \/><\/a>Der Bezirk &#8222;le Lot&#8220; liegt in de Quercy. Das ist eine Region die an de Perigord grenzt (im Norden) und de Auvergne (im Osten). Im S\u00fcden grenzt de Quercy an de Armagnac. Unsere Wohnung liegt etwas n\u00f6rdlich des Flusses Lot, ein Gebiet, das man auch de haut Quercy nennt.<\/p>\n<p>Es ist ein Grenzgebiet, was das Gebiet umso interessanter macht. De &#8222;Causse&#8220;, eine h\u00fcgelige Kalkfl\u00e4che, geformt durch das Meer im Westen und dem Beginn des &#8222;Massif Central&#8220;. Das Bergland wurde durch Magma an der Ostseite gebildet.<\/p>\n<p>Das alles bietet unterschiedlichste Landschaften und Kultur. Das Klima wird einerseits durch den Atlantik, andererseits durch die Pyren\u00e4en im S\u00fcden beeinflusst. Auch das im Osten befindliche Bergland ist ein Einflussfaktor.<\/p>\n<p>Dies alles ergibt ein Klima, das sich durch warme Sommer und milde Winter auszeichnet. Das Fr\u00fchjahr kann durchaus bereits im M\u00e4rz beginnen, w\u00e4hrend der Herbst oft bis Ende Oktober dauert.<\/p>\n<p>Die sogenannte Gef\u00fchlstemperatur liegt hier deutlich h\u00f6her als in den \u00fcbrigen Teilen von S\u00fcdfrankreich. Dies kommt dadurch, dass die Region zum gro\u00dfen Teil durch die Pyren\u00e4en abgeschirmt ist, wodurch deutlich weniger Wind weht. Bestenfalls zur Mittagszeit ein Mistralwind, der wiederum im Sommer eine herrliche Abk\u00fchlung mit sich bringt.<\/p>\n<p>Durch diese Lage ist der Herbst hier wirklich einzigartig, die Bl\u00e4tter welken vornehmlich an den B\u00e4umen, w\u00e4hrend sie im Norden des Landes eher durch Herbstst\u00fcrme von den B\u00e4umen geweht werden. Dadurch sind pr\u00e4chtig gef\u00e4rbte W\u00e4lder zu sehen.<\/p>\n<p>Die Region Lot ist bekannt f\u00fcr die gem\u00fctlichen, l\u00e4ndlichen Restaurants und man behauptet, dass dies eine der besseren K\u00fcchen von Frankreich ist. Die K\u00fcche kennt hier zahlreiche Spezialit\u00e4ten wie &#8222;Confit de Canard&#8220; und &#8222;Magret de Canard&#8220;. Au\u00dferdem ist Lot f\u00fcr seine herrliche Patisserie und die weltber\u00fchmte Nusstorten bekannt.<\/p>\n<p>Das Tal des Flusses Lot ist reich an Natursch\u00f6nheiten und Kultur. Nach Paris ist dies das \u00e4lteste Gebiet Frankreichs, erst vor kurzem (Ende 1999) wurden hier pr\u00e4historische H\u00f6hlen entdeckt. Man kann in diesem Gebiet hundert, wenn nicht tausend verschiedene Insekten, Blumen, Fossilien und V\u00f6gel antreffen.<\/p>\n<p>Diese beeindruckende Natur garantiert Ihnen sicher einen sehr erholsamen Urlaub im sch\u00f6nsten Gebiet Frankreichs. Ein Besuch der pr\u00e4chtigen H\u00f6hlen in der Umgebung ist bestimmt zu empfehlen. Daneben besteht die M\u00f6glichkeit, um besonders sch\u00f6ne und kulturell interessante Wanderungen zu unternehmen. Eine dieser Wanderungen bringt Sie zum weltber\u00fchmten Schloss &#8222;Chateau Bonnaquill&#8220;.<\/p>\n<p>Von der Wohnung aus k\u00f6nnen Sie verschiedene Wanderungen auf alten Pilgerwegen unternehmen (die auch nach Santiago de Compostella f\u00fchren). 3 km entfernt von der Wohnung finden Sie noch die Reste einer alten Pilgerkirche. Entdecken Sie die Flora und Fauna von Europas &#8222;sch\u00f6nstem&#8220; Land. Im Dorf Montcabrier (1000m) gibt es eine B\u00e4ckerei wo Sie auch die t\u00e4glichen Eink\u00e4ufe erledigen k\u00f6nnen. In einem Abstand von 8 km liegt das St\u00e4dtchen Fumel. Hier erhalten Sie alles: u.a. verschiedene gro\u00dfe Superm\u00e4rkte, B\u00e4cker etc. Der Fluss Lot flie\u00dft ebenfalls entlang dieses St\u00e4dtchens, etwas stromaufw\u00e4rts befindet sich das Dorf &#8222;Duravel&#8220; (vire sur lot). Hier k\u00f6nnen Sie Kanus, R\u00e4der, Mountainbikes etc. ausleihen. Weiters gibt es die M\u00f6glichkeit organisierte, gef\u00fchrte Touren zu unternehmen. In der Ortschaft Prayssac sind verschiedene nette Restaurants, wo Sie gut essen k\u00f6nnen und jeden Samstag rund um die Kirche ein gem\u00fctlicher Markt stattfindet. Schwimmen k\u00f6nnen Sie u.a. in Fumel, wo es ein Schwimmbad gibt.<\/p>\n<p>In Fravssinet le Gelat, einem 15 Minuten entfernt gelegenen D\u00f6rfchen k\u00f6nnen Sie in einem Fluss mit Trinkwasserqualit\u00e4t schwimmen. Dort gibt es auch einen kleinen Strand. In Catus und Cazals k\u00f6nnen Sie ebenfalls schwimmen. Gef\u00fchrte Reitausfl\u00fcge werden von einem Reitstall organisiert, der auch nur 15 Minuten entfernt liegt. Die folgenden Aktivit\u00e4ten sind in der n\u00e4heren Umgebung m\u00f6glich (max. 30 min mit dem Auto): Klettern, Schwimmen, Wandern, Mountainbiken, Reiten, Wassersport, Bergsport, (Segel-)Fliegen, Tennis, Kulinarisches und Wein. Auch Puv L&#8217;Eveque ist sicher einen Ausflug wert. Die weltber\u00fchmte Weinstadt Cahors liegt 40 Autominuten entfernt. Eine sehr gem\u00fctliche bougondische Stadt, die sich vor allem w\u00e4hrend der Woche f\u00fcr einen Besuch lohnt. Von den Bauerh\u00f6fen aus sind mehrere Wanderungen m\u00f6glich, die durch verschiedene Farben gekennzeichnet sind. Manche sind bis zu 20 km lang und f\u00fchren Sie durch zahlreiche Weing\u00e4rten. Nat\u00fcrlich k\u00f6nnen Sie auch k\u00fcrzere Wanderungen unternehmen. Wanderkarten k\u00f6nnen Sie beim Fremdenverkehrsverband in Fumel (Region Lot und Garonne) kaufen, ansonsten in Puv L&#8217;Eveque (Region Le Lot).<\/p>\n<p>Sicherlich zu empfehlen ist ein Besuch der weltber\u00fchmten Stadt Rocamadour und die vielen H\u00f6hlen in der Umgebung.<\/p>\n<p>Es besteht die M\u00f6glichkeit Weinkeller zu besuchen, die in diesem Gebiet sehr zahlreich sind. Bei den vielen Chateaus k\u00f6nnen Sie Wein holen, sowohl Vin du Table als auch Vin de Cahors. In unmittelbarer Umgebung finden Sie zahlreiche Weinkeller.<\/p>\n<p>\n\t\t<style type=\"text\/css\">\n\t\t\t#gallery-4 {\n\t\t\t\tmargin: auto;\n\t\t\t}\n\t\t\t#gallery-4 .gallery-item {\n\t\t\t\tfloat: left;\n\t\t\t\tmargin-top: 10px;\n\t\t\t\ttext-align: center;\n\t\t\t\twidth: 33%;\n\t\t\t}\n\t\t\t#gallery-4 img {\n\t\t\t\tborder: 2px solid #cfcfcf;\n\t\t\t}\n\t\t\t#gallery-4 .gallery-caption {\n\t\t\t\tmargin-left: 0;\n\t\t\t}\n\t\t\t\/* see gallery_shortcode() in wp-includes\/media.php *\/\n\t\t<\/style>\n\t\t<div id='gallery-4' class='gallery galleryid-15 gallery-columns-3 gallery-size-thumbnail'><dl class='gallery-item'>\n\t\t\t<dt class='gallery-icon landscape'>\n\t\t\t\t<a href='https:\/\/fransegites.eu\/wp-content\/uploads\/2018\/12\/IMG_1080.jpg'><img loading=\"lazy\" decoding=\"async\" width=\"150\" height=\"150\" src=\"https:\/\/fransegites.eu\/wp-content\/uploads\/2018\/12\/IMG_1080-150x150.jpg\" class=\"attachment-thumbnail size-thumbnail\" alt=\"\" aria-describedby=\"gallery-4-2925\" \/><\/a>\n\t\t\t<\/dt>\n\t\t\t\t<dd class='wp-caption-text gallery-caption' id='gallery-4-2925'>\n\t\t\t\tVrijdagavond marche gourmand in montcabrier\n\t\t\t\t<\/dd><\/dl><dl class='gallery-item'>\n\t\t\t<dt class='gallery-icon landscape'>\n\t\t\t\t<a href='https:\/\/fransegites.eu\/wp-content\/uploads\/2018\/12\/IMG_1082.jpg'><img loading=\"lazy\" decoding=\"async\" width=\"150\" height=\"150\" src=\"https:\/\/fransegites.eu\/wp-content\/uploads\/2018\/12\/IMG_1082-150x150.jpg\" class=\"attachment-thumbnail size-thumbnail\" alt=\"\" aria-describedby=\"gallery-4-2927\" \/><\/a>\n\t\t\t<\/dt>\n\t\t\t\t<dd class='wp-caption-text gallery-caption' id='gallery-4-2927'>\n\t\t\t\tDe kerk in Montcabrier onlangs gerestaureerd\n\t\t\t\t<\/dd><\/dl><dl class='gallery-item'>\n\t\t\t<dt class='gallery-icon portrait'>\n\t\t\t\t<a href='https:\/\/fransegites.eu\/wp-content\/uploads\/2018\/12\/IMG_1081.jpg'><img loading=\"lazy\" decoding=\"async\" width=\"150\" height=\"150\" src=\"https:\/\/fransegites.eu\/wp-content\/uploads\/2018\/12\/IMG_1081-150x150.jpg\" class=\"attachment-thumbnail size-thumbnail\" alt=\"\" aria-describedby=\"gallery-4-2926\" \/><\/a>\n\t\t\t<\/dt>\n\t\t\t\t<dd class='wp-caption-text gallery-caption' id='gallery-4-2926'>\n\t\t\t\tIn 2017 gerestaureerd\n\t\t\t\t<\/dd><\/dl><br style=\"clear: both\" \/>\n\t\t<\/div>\n<\/p>","protected":false},"excerpt":{"rendered":"<p>Der Bezirk &#8222;le Lot&#8220; liegt in de Quercy. Das ist eine Region die an de Perigord grenzt (im Norden) und de Auvergne (im Osten). Im S\u00fcden grenzt de Quercy an de Armagnac. Unsere Wohnung liegt etwas n\u00f6rdlich des Flusses Lot, ein Gebiet, das man auch de haut Quercy nennt. Es ist ein Grenzgebiet, was das&#8230;<\/p>\n","protected":false},"author":1,"featured_media":0,"parent":0,"menu_order":3,"comment_status":"closed","ping_status":"open","template":"","meta":{"footnotes":""},"class_list":["post-15","page","type-page","status-publish","hentry","page-entry","loop-entry clr"],"_links":{"self":[{"href":"https:\/\/fransegites.eu\/de\/wp-json\/wp\/v2\/pages\/15","targetHints":{"allow":["GET"]}}],"collection":[{"href":"https:\/\/fransegites.eu\/de\/wp-json\/wp\/v2\/pages"}],"about":[{"href":"https:\/\/fransegites.eu\/de\/wp-json\/wp\/v2\/types\/page"}],"author":[{"embeddable":true,"href":"https:\/\/fransegites.eu\/de\/wp-json\/wp\/v2\/users\/1"}],"replies":[{"embeddable":true,"href":"https:\/\/fransegites.eu\/de\/wp-json\/wp\/v2\/comments?post=15"}],"version-history":[{"count":13,"href":"https:\/\/fransegites.eu\/de\/wp-json\/wp\/v2\/pages\/15\/revisions"}],"predecessor-version":[{"id":3009,"href":"https:\/\/fransegites.eu\/de\/wp-json\/wp\/v2\/pages\/15\/revisions\/3009"}],"wp:attachment":[{"href":"https:\/\/fransegites.eu\/de\/wp-json\/wp\/v2\/media?parent=15"}],"curies":[{"name":"wp","href":"https:\/\/api.w.org\/{rel}","templated":true}]}}