{"id":13,"date":"2011-12-19T20:39:09","date_gmt":"2011-12-19T20:39:09","guid":{"rendered":"http:\/\/fransegites.eu\/?page_id=13"},"modified":"2023-04-17T15:59:29","modified_gmt":"2023-04-17T13:59:29","slug":"le-belvedere","status":"publish","type":"page","link":"https:\/\/fransegites.eu\/de\/gites\/le-belvedere\/","title":{"rendered":"Le Belv\u00e9d\u00e8re, Puy-l&#8217;\u00c9v\u00eaque 1-7 pers. schwimmbad"},"content":{"rendered":"<p><\/p>\n<h2>1 bis 7 personen &#8211; Mit privates Schwimmbad<\/h2>\n<p><a href=\"https:\/\/fransegites.eu\/wp-content\/uploads\/2011\/12\/aangezicht-le-belvedere.jpg\"><img loading=\"lazy\" decoding=\"async\" class=\"alignleft size-medium wp-image-90\" title=\"aangezicht le belvedere\" src=\"https:\/\/fransegites.eu\/wp-content\/uploads\/2011\/12\/aangezicht-le-belvedere-300x225.jpg\" alt=\"\" width=\"300\" height=\"225\" srcset=\"https:\/\/fransegites.eu\/wp-content\/uploads\/2011\/12\/aangezicht-le-belvedere-300x225.jpg 300w, https:\/\/fransegites.eu\/wp-content\/uploads\/2011\/12\/aangezicht-le-belvedere.jpg 800w\" sizes=\"auto, (max-width: 300px) 100vw, 300px\" \/><\/a><\/p>\n<p>Unser gro\u00dfz\u00fcgiger, freistehender und f\u00fcr die Region charakteristischer wohnung ist mit allen Annehmlichkeiten und Luxus ausgestattet. (Die Wohnung liegt v\u00f6llig frei auf 8 000m2 Wiese und Wald und bietet dadurch gr\u00f6\u00dftm\u00f6gliche Privatsph\u00e4re.) Der Garten ist zur G\u00e4nze unter anderem nat\u00fcrlich umz\u00e4unt und mit einem Tor abzuschlie\u00dfen. Wir vermieten unsere Wohnung auch mit einem wundersch\u00f6nen privaten Schwimmbad (8x4m mit Terrasse), das ausschlie\u00dflich f\u00fcr Sie und Ihre Familie bestimmt ist. Sie haben daher Privatsph\u00e4re pur und m\u00fcssen das Schwimmbad mit NIEMAND anderem teilen. Meistens ist dies anders. (Beim Schwimmbad gibt es auch Sonnenliegen).<\/p>\n<p>Der Wohnzimmers (50m2 gro\u00df),besitzt eine rustikale Eichentramdecke. Daneben finden Sie einen typischen, offenen Kamin, SAT-TV vorhanden, wodurch Sie alle deutsche, niederl\u00e4ndischen und ausl\u00e4ndische Sender empfangen k\u00f6nnen.(Uber 200) Ebenfalls vorhanden ist eine Stereoanlage mit CD-und DvD Spieler.<\/p>\n<p>Neben dem Wohnzimmer befindet sich auch eine gro\u00dfe K\u00fcche mit K\u00fchlschrank, Gasherd mit Grill, Kaffeemaschine, waschmaschine Mikrowelle, Geschirrsp\u00fcler und sogar ein Dunstabzug etc.<\/p>\n<p>Der lange gang gelangen sie in das erste gro\u00dfe Schlafzimmer Schlafzimmerm\u00f6blierung, Doppelbett (140&#215;200) mit Federkernmatratze, Kleiderschrank.<\/p>\n<p>Der lange Gang vom Wohnzimmer f\u00fchrt Sie auch in zwei weitere Schlafzimmer. Das zweite gro\u00dfe Schlafzimmer hat ebenfalls zwei Einzelbedden (90&#215;200) und einen Kleiderschrank. Am Ende des langen Ganges befindet sich das dritte Schlafzimmer. Hier stehen drei Betten, ein Einzelbett (80&#215;200) und ein Doppelbett (180&#215;200). Auch hier gibt es einen Kleiderschrank.<\/p>\n<p>Der Gang f\u00fchrt in das Badezimmer. Dieses verf\u00fcgt \u00fcber Waschbecken, Dusche und Badewanne (200l Hei\u00dfwasserboiler). Das WC wurde dieses Jahr g\u00e4nzlich erneuert in provencalischen lavendel ausgestattet.<\/p>\n<p>Auf den verschiedenen Terrassen stehen Gartenst\u00fchle und &#8211; tische. Ebenfalls vorhanden sind Grill und Sonnenschirm.<\/p>\n<p><a href=\"https:\/\/fransegites.eu\/wp-content\/uploads\/2011\/12\/PI13602-hr3.jpg\"><img loading=\"lazy\" decoding=\"async\" class=\"alignright size-medium wp-image-1537\" title=\"PI13602-hr\" src=\"https:\/\/fransegites.eu\/wp-content\/uploads\/2011\/12\/PI13602-hr3-300x200.jpg\" alt=\"\" width=\"300\" height=\"200\" srcset=\"https:\/\/fransegites.eu\/wp-content\/uploads\/2011\/12\/PI13602-hr3-300x200.jpg 300w, https:\/\/fransegites.eu\/wp-content\/uploads\/2011\/12\/PI13602-hr3-1024x685.jpg 1024w, https:\/\/fransegites.eu\/wp-content\/uploads\/2011\/12\/PI13602-hr3.jpg 1200w\" sizes=\"auto, (max-width: 300px) 100vw, 300px\" \/><\/a><\/p>\n<h2>1 bis 7 personen &#8211; Mit privates Schwimmbad<\/h2>\n<p><a href=\"https:\/\/fransegites.eu\/wp-content\/uploads\/2011\/12\/aangezicht-le-belvedere.jpg\"><img loading=\"lazy\" decoding=\"async\" class=\"alignleft size-medium wp-image-90\" title=\"aangezicht le belvedere\" src=\"https:\/\/fransegites.eu\/wp-content\/uploads\/2011\/12\/aangezicht-le-belvedere-300x225.jpg\" alt=\"\" width=\"300\" height=\"225\" srcset=\"https:\/\/fransegites.eu\/wp-content\/uploads\/2011\/12\/aangezicht-le-belvedere-300x225.jpg 300w, https:\/\/fransegites.eu\/wp-content\/uploads\/2011\/12\/aangezicht-le-belvedere.jpg 800w\" sizes=\"auto, (max-width: 300px) 100vw, 300px\" \/><\/a><\/p>\n<p>Unser gro\u00dfz\u00fcgiger, freistehender und f\u00fcr die Region charakteristischer wohnung ist mit allen Annehmlichkeiten und Luxus ausgestattet. (Die Wohnung liegt v\u00f6llig frei auf 8 000m2 Wiese und Wald und bietet dadurch gr\u00f6\u00dftm\u00f6gliche Privatsph\u00e4re.) Der Garten ist zur G\u00e4nze unter anderem nat\u00fcrlich umz\u00e4unt und mit einem Tor abzuschlie\u00dfen. Wir vermieten unsere Wohnung auch mit einem wundersch\u00f6nen privaten Schwimmbad (8x4m mit Terrasse), das ausschlie\u00dflich f\u00fcr Sie und Ihre Familie bestimmt ist. Sie haben daher Privatsph\u00e4re pur und m\u00fcssen das Schwimmbad mit NIEMAND anderem teilen. Meistens ist dies anders. (Beim Schwimmbad gibt es auch Sonnenliegen).<\/p>\n<p>Der Wohnzimmers (50m2 gro\u00df),besitzt eine rustikale Eichentramdecke. Daneben finden Sie einen typischen, offenen Kamin, SAT-TV vorhanden, wodurch Sie alle deutsche, niederl\u00e4ndischen und ausl\u00e4ndische Sender empfangen k\u00f6nnen.(Uber 200) Ebenfalls vorhanden ist eine Stereoanlage mit CD-und DvD Spieler.<\/p>\n<p>Neben dem Wohnzimmer befindet sich auch eine gro\u00dfe K\u00fcche mit K\u00fchlschrank, Gasherd mit Grill, Kaffeemaschine, waschmaschine Mikrowelle, Geschirrsp\u00fcler und sogar ein Dunstabzug etc.<\/p>\n<p>Der lange gang gelangen sie in das erste gro\u00dfe Schlafzimmer Schlafzimmerm\u00f6blierung, Doppelbett (140&#215;200) mit Federkernmatratze, Kleiderschrank.<\/p>\n<p>Der lange Gang vom Wohnzimmer f\u00fchrt Sie auch in zwei weitere Schlafzimmer. Das zweite gro\u00dfe Schlafzimmer hat ebenfalls zwei Einzelbedden (90&#215;200) und einen Kleiderschrank. Am Ende des langen Ganges befindet sich das dritte Schlafzimmer. Hier stehen drei Betten, ein Einzelbett (80&#215;200) und ein Doppelbett (180&#215;200). Auch hier gibt es einen Kleiderschrank.<\/p>\n<p>Der Gang f\u00fchrt in das Badezimmer. Dieses verf\u00fcgt \u00fcber Waschbecken, Dusche und Badewanne (200l Hei\u00dfwasserboiler). Das WC wurde dieses Jahr g\u00e4nzlich erneuert in provencalischen lavendel ausgestattet.<\/p>\n<p>Auf den verschiedenen Terrassen stehen Gartenst\u00fchle und &#8211; tische. Ebenfalls vorhanden sind Grill und Sonnenschirm.<\/p>\n<p><a href=\"https:\/\/fransegites.eu\/wp-content\/uploads\/2011\/12\/PI13602-hr3.jpg\"><img loading=\"lazy\" decoding=\"async\" class=\"alignright size-medium wp-image-1537\" title=\"PI13602-hr\" src=\"https:\/\/fransegites.eu\/wp-content\/uploads\/2011\/12\/PI13602-hr3-300x200.jpg\" alt=\"\" width=\"300\" height=\"200\" srcset=\"https:\/\/fransegites.eu\/wp-content\/uploads\/2011\/12\/PI13602-hr3-300x200.jpg 300w, https:\/\/fransegites.eu\/wp-content\/uploads\/2011\/12\/PI13602-hr3-1024x685.jpg 1024w, https:\/\/fransegites.eu\/wp-content\/uploads\/2011\/12\/PI13602-hr3.jpg 1200w\" sizes=\"auto, (max-width: 300px) 100vw, 300px\" \/><\/a><\/p>\n<h2>1 bis 7 personen &#8211; Mit privates Schwimmbad<\/h2>\n<p><a href=\"https:\/\/fransegites.eu\/wp-content\/uploads\/2011\/12\/aangezicht-le-belvedere.jpg\"><img loading=\"lazy\" decoding=\"async\" class=\"alignleft size-medium wp-image-90\" title=\"aangezicht le belvedere\" src=\"https:\/\/fransegites.eu\/wp-content\/uploads\/2011\/12\/aangezicht-le-belvedere-300x225.jpg\" alt=\"\" width=\"300\" height=\"225\" srcset=\"https:\/\/fransegites.eu\/wp-content\/uploads\/2011\/12\/aangezicht-le-belvedere-300x225.jpg 300w, https:\/\/fransegites.eu\/wp-content\/uploads\/2011\/12\/aangezicht-le-belvedere.jpg 800w\" sizes=\"auto, (max-width: 300px) 100vw, 300px\" \/><\/a><\/p>\n<p>Unser gro\u00dfz\u00fcgiger, freistehender und f\u00fcr die Region charakteristischer wohnung ist mit allen Annehmlichkeiten und Luxus ausgestattet. (Die Wohnung liegt v\u00f6llig frei auf 8 000m2 Wiese und Wald und bietet dadurch gr\u00f6\u00dftm\u00f6gliche Privatsph\u00e4re.) Der Garten ist zur G\u00e4nze unter anderem nat\u00fcrlich umz\u00e4unt und mit einem Tor abzuschlie\u00dfen. Wir vermieten unsere Wohnung auch mit einem wundersch\u00f6nen privaten Schwimmbad (8x4m mit Terrasse), das ausschlie\u00dflich f\u00fcr Sie und Ihre Familie bestimmt ist. Sie haben daher Privatsph\u00e4re pur und m\u00fcssen das Schwimmbad mit NIEMAND anderem teilen. Meistens ist dies anders. (Beim Schwimmbad gibt es auch Sonnenliegen).<\/p>\n<p>Der Wohnzimmers (50m2 gro\u00df),besitzt eine rustikale Eichentramdecke. Daneben finden Sie einen typischen, offenen Kamin, SAT-TV vorhanden, wodurch Sie alle deutsche, niederl\u00e4ndischen und ausl\u00e4ndische Sender empfangen k\u00f6nnen.(Uber 200) Ebenfalls vorhanden ist eine Stereoanlage mit CD-und DvD Spieler.<\/p>\n<p>Neben dem Wohnzimmer befindet sich auch eine gro\u00dfe K\u00fcche mit K\u00fchlschrank, Gasherd mit Grill, Kaffeemaschine, waschmaschine Mikrowelle, Geschirrsp\u00fcler und sogar ein Dunstabzug etc.<\/p>\n<p>Der lange gang gelangen sie in das erste gro\u00dfe Schlafzimmer Schlafzimmerm\u00f6blierung, Doppelbett (140&#215;200) mit Federkernmatratze, Kleiderschrank.<\/p>\n<p>Der lange Gang vom Wohnzimmer f\u00fchrt Sie auch in zwei weitere Schlafzimmer. Das zweite gro\u00dfe Schlafzimmer hat ebenfalls zwei Einzelbedden (90&#215;200) und einen Kleiderschrank. Am Ende des langen Ganges befindet sich das dritte Schlafzimmer. Hier stehen drei Betten, ein Einzelbett (80&#215;200) und ein Doppelbett (180&#215;200). Auch hier gibt es einen Kleiderschrank.<\/p>\n<p>Der Gang f\u00fchrt in das Badezimmer. Dieses verf\u00fcgt \u00fcber Waschbecken, Dusche und Badewanne (200l Hei\u00dfwasserboiler). Das WC wurde dieses Jahr g\u00e4nzlich erneuert in provencalischen lavendel ausgestattet.<\/p>\n<p>Auf den verschiedenen Terrassen stehen Gartenst\u00fchle und &#8211; tische. Ebenfalls vorhanden sind Grill und Sonnenschirm.<\/p>\n<p><a href=\"https:\/\/fransegites.eu\/wp-content\/uploads\/2011\/12\/PI13602-hr3.jpg\"><img loading=\"lazy\" decoding=\"async\" class=\"alignright size-medium wp-image-1537\" title=\"PI13602-hr\" src=\"https:\/\/fransegites.eu\/wp-content\/uploads\/2011\/12\/PI13602-hr3-300x200.jpg\" alt=\"\" width=\"300\" height=\"200\" srcset=\"https:\/\/fransegites.eu\/wp-content\/uploads\/2011\/12\/PI13602-hr3-300x200.jpg 300w, https:\/\/fransegites.eu\/wp-content\/uploads\/2011\/12\/PI13602-hr3-1024x685.jpg 1024w, https:\/\/fransegites.eu\/wp-content\/uploads\/2011\/12\/PI13602-hr3.jpg 1200w\" sizes=\"auto, (max-width: 300px) 100vw, 300px\" \/><\/a><\/p>\n<h2>1 bis 7 personen &#8211; Mit privates Schwimmbad<\/h2>\n<p><a href=\"https:\/\/fransegites.eu\/wp-content\/uploads\/2011\/12\/aangezicht-le-belvedere.jpg\"><img loading=\"lazy\" decoding=\"async\" class=\"alignleft size-medium wp-image-90\" title=\"aangezicht le belvedere\" src=\"https:\/\/fransegites.eu\/wp-content\/uploads\/2011\/12\/aangezicht-le-belvedere-300x225.jpg\" alt=\"\" width=\"300\" height=\"225\" srcset=\"https:\/\/fransegites.eu\/wp-content\/uploads\/2011\/12\/aangezicht-le-belvedere-300x225.jpg 300w, https:\/\/fransegites.eu\/wp-content\/uploads\/2011\/12\/aangezicht-le-belvedere.jpg 800w\" sizes=\"auto, (max-width: 300px) 100vw, 300px\" \/><\/a><\/p>\n<p>\u00a0<\/p>\n<p>\u00a0<\/p>\n<p>\u00a0<\/p>\n<p>\u00a0<\/p>\n<p>\u00a0<\/p>\n<p>Unser gro\u00dfz\u00fcgiger, freistehender und f\u00fcr die Region charakteristischer wohnung ist mit allen Annehmlichkeiten und Luxus ausgestattet. (Die Wohnung liegt v\u00f6llig frei auf 8 000m2 Wiese und Wald und bietet dadurch gr\u00f6\u00dftm\u00f6gliche Privatsph\u00e4re.) Der Garten ist zur G\u00e4nze unter anderem nat\u00fcrlich umz\u00e4unt und mit einem Tor abzuschlie\u00dfen. Wir vermieten unsere Wohnung auch mit einem wundersch\u00f6nen privaten Schwimmbad (8x4m mit Terrasse), das ausschlie\u00dflich f\u00fcr Sie und Ihre Familie bestimmt ist. Sie haben daher Privatsph\u00e4re pur und m\u00fcssen das Schwimmbad mit NIEMAND anderem teilen. Meistens ist dies anders. (Beim Schwimmbad gibt es auch Sonnenliegen).<\/p>\n<p>Der Wohnzimmers (50m2 gro\u00df),besitzt eine rustikale Eichentramdecke. Daneben finden Sie einen typischen, offenen Kamin, SAT-TV vorhanden, wodurch Sie alle deutsche, niederl\u00e4ndischen und ausl\u00e4ndische Sender empfangen k\u00f6nnen.(Uber 200) Ebenfalls vorhanden ist eine Stereoanlage mit CD-und DvD Spieler.<\/p>\n<p>Neben dem Wohnzimmer befindet sich auch eine gro\u00dfe K\u00fcche mit K\u00fchlschrank, Gasherd mit Grill, Kaffeemaschine, waschmaschine Mikrowelle, Geschirrsp\u00fcler und sogar ein Dunstabzug etc.<\/p>\n<p>Der lange gang gelangen sie in das erste gro\u00dfe Schlafzimmer Schlafzimmerm\u00f6blierung, Doppelbett (140&#215;200) mit Federkernmatratze, Kleiderschrank.<\/p>\n<p>Der lange Gang vom Wohnzimmer f\u00fchrt Sie auch in zwei weitere Schlafzimmer. Das zweite gro\u00dfe Schlafzimmer hat ebenfalls zwei Einzelbedden (90&#215;200) und einen Kleiderschrank. Am Ende des langen Ganges befindet sich das dritte Schlafzimmer. Hier stehen drei Betten, ein Einzelbett (80&#215;200) und ein Doppelbett (180&#215;200). Auch hier gibt es einen Kleiderschrank.<\/p>\n<p>Der Gang f\u00fchrt in das Badezimmer. Dieses verf\u00fcgt \u00fcber Waschbecken, Dusche und Badewanne (200l Hei\u00dfwasserboiler). Das WC wurde dieses Jahr g\u00e4nzlich erneuert in provencalischen lavendel ausgestattet.<\/p>\n<p>Auf den verschiedenen Terrassen stehen Gartenst\u00fchle und &#8211; tische. Ebenfalls vorhanden sind Grill und Sonnenschirm.<\/p>\n<p><a href=\"https:\/\/fransegites.eu\/wp-content\/uploads\/2011\/12\/PI13602-hr3.jpg\"><img loading=\"lazy\" decoding=\"async\" class=\"alignright size-medium wp-image-1537\" title=\"PI13602-hr\" src=\"https:\/\/fransegites.eu\/wp-content\/uploads\/2011\/12\/PI13602-hr3-300x200.jpg\" alt=\"\" width=\"300\" height=\"200\" srcset=\"https:\/\/fransegites.eu\/wp-content\/uploads\/2011\/12\/PI13602-hr3-300x200.jpg 300w, https:\/\/fransegites.eu\/wp-content\/uploads\/2011\/12\/PI13602-hr3-1024x685.jpg 1024w, https:\/\/fransegites.eu\/wp-content\/uploads\/2011\/12\/PI13602-hr3.jpg 1200w\" sizes=\"auto, (max-width: 300px) 100vw, 300px\" \/><\/a><\/p>","protected":false},"excerpt":{"rendered":"<p>1 bis 7 personen &#8211; Mit privates Schwimmbad Unser gro\u00dfz\u00fcgiger, freistehender und f\u00fcr die Region charakteristischer wohnung ist mit allen Annehmlichkeiten und Luxus ausgestattet. (Die Wohnung liegt v\u00f6llig frei auf 8 000m2 Wiese und Wald und bietet dadurch gr\u00f6\u00dftm\u00f6gliche Privatsph\u00e4re.) Der Garten ist zur G\u00e4nze unter anderem nat\u00fcrlich umz\u00e4unt und mit einem Tor abzuschlie\u00dfen. Wir&#8230;<\/p>\n","protected":false},"author":1,"featured_media":0,"parent":7,"menu_order":2,"comment_status":"closed","ping_status":"open","template":"","meta":{"footnotes":""},"class_list":["post-13","page","type-page","status-publish","hentry","page-entry","loop-entry clr"],"_links":{"self":[{"href":"https:\/\/fransegites.eu\/de\/wp-json\/wp\/v2\/pages\/13","targetHints":{"allow":["GET"]}}],"collection":[{"href":"https:\/\/fransegites.eu\/de\/wp-json\/wp\/v2\/pages"}],"about":[{"href":"https:\/\/fransegites.eu\/de\/wp-json\/wp\/v2\/types\/page"}],"author":[{"embeddable":true,"href":"https:\/\/fransegites.eu\/de\/wp-json\/wp\/v2\/users\/1"}],"replies":[{"embeddable":true,"href":"https:\/\/fransegites.eu\/de\/wp-json\/wp\/v2\/comments?post=13"}],"version-history":[{"count":41,"href":"https:\/\/fransegites.eu\/de\/wp-json\/wp\/v2\/pages\/13\/revisions"}],"predecessor-version":[{"id":3315,"href":"https:\/\/fransegites.eu\/de\/wp-json\/wp\/v2\/pages\/13\/revisions\/3315"}],"up":[{"embeddable":true,"href":"https:\/\/fransegites.eu\/de\/wp-json\/wp\/v2\/pages\/7"}],"wp:attachment":[{"href":"https:\/\/fransegites.eu\/de\/wp-json\/wp\/v2\/media?parent=13"}],"curies":[{"name":"wp","href":"https:\/\/api.w.org\/{rel}","templated":true}]}}